{"id":141,"date":"2014-01-01T18:34:30","date_gmt":"2014-01-01T16:34:30","guid":{"rendered":"http:\/\/15peaces.com\/blog\/?page_id=141"},"modified":"2014-12-14T12:31:11","modified_gmt":"2014-12-14T10:31:11","slug":"fd","status":"publish","type":"page","link":"https:\/\/15peaces.com\/blog\/index.php\/fd\/","title":{"rendered":"[german] Junkers FD- Rechner"},"content":{"rendered":"<p><img loading=\"lazy\" decoding=\"async\" class=\"aligncenter size-full wp-image-142\" src=\"http:\/\/15peaces.com\/blog\/wp-content\/uploads\/2014\/01\/FD_preview.png\" alt=\"FD_preview\" width=\"260\" height=\"150\" \/><\/p>\n<h2><span style=\"color: #ff6600;\"><em>ACHTUNG: Da Junkers zum 01.01.2014 die Berechnung der FDs ge\u00e4ndert hat, k\u00f6nnen mit diesem FD-Rechner nur FDs bis zum 31.12.2013 korrekt berechnet werden! Ein Update diesbez\u00fcglich ist in Arbeit!<\/em><\/span><\/h2>\n<h2>Beschreibung<\/h2>\n<p>Dies ist ein kleines Tool zum errechnen eines Herstellungsdatums von Junkers- Thermotechnik Ger\u00e4ten. Dazu m\u00fcsst ihr einfach nur die 3-stellige FD- Nummer des Ger\u00e4tes eingeben und Fertig -&gt; das Tool gibt Herstellungsmonat und -Jahr aus.<\/p>\n<h2>Verantwortlichkeit<\/h2>\n<p>Konzeption, Design, Coding<\/p>\n<h2>Benutzte Technik<\/h2>\n<p>BlitzMax (Modules used: MaxGUI.Drivers ; BRL.RamStream ; BRL.EventQueue)<\/p>\n<h2>Statistiken<\/h2>\n<ul>\n<li>Erstver\u00f6ffentlichung: M\u00e4rz.2011<\/li>\n<li>Aktuelle Version: <strong>1.01<\/strong> (April.2013)<\/li>\n<li>Sprachen:\u00a0<em><strong>Deutsch<\/strong> (enthalten)<\/em><\/li>\n<li>Lines of code: ~90<\/li>\n<li>ReactOS Kompatibillit\u00e4t: <em>(ungetestet, Feedback erw\u00fcnscht)<\/em><\/li>\n<\/ul>\n<h2>Download<\/h2>\n<ul>\n<li><a href=\"http:\/\/15peaces.com\/blog\/wp-content\/uploads\/2014\/01\/FD_1.01.zip\">FD_1.01.zip<\/a><\/li>\n<\/ul>\n","protected":false},"excerpt":{"rendered":"<p>ACHTUNG: Da Junkers zum 01.01.2014 die Berechnung der FDs ge\u00e4ndert hat, k\u00f6nnen mit diesem FD-Rechner nur FDs bis zum 31.12.2013 korrekt berechnet werden! Ein Update diesbez\u00fcglich ist in Arbeit! Beschreibung Dies ist ein kleines Tool zum errechnen eines Herstellungsdatums von Junkers- Thermotechnik Ger\u00e4ten. Dazu m\u00fcsst ihr einfach nur die 3-stellige FD- Nummer des Ger\u00e4tes eingeben [&hellip;]<\/p>\n","protected":false},"author":1,"featured_media":0,"parent":0,"menu_order":0,"comment_status":"open","ping_status":"open","template":"","meta":{"footnotes":""},"class_list":["post-141","page","type-page","status-publish","hentry"],"_links":{"self":[{"href":"https:\/\/15peaces.com\/blog\/index.php\/wp-json\/wp\/v2\/pages\/141","targetHints":{"allow":["GET"]}}],"collection":[{"href":"https:\/\/15peaces.com\/blog\/index.php\/wp-json\/wp\/v2\/pages"}],"about":[{"href":"https:\/\/15peaces.com\/blog\/index.php\/wp-json\/wp\/v2\/types\/page"}],"author":[{"embeddable":true,"href":"https:\/\/15peaces.com\/blog\/index.php\/wp-json\/wp\/v2\/users\/1"}],"replies":[{"embeddable":true,"href":"https:\/\/15peaces.com\/blog\/index.php\/wp-json\/wp\/v2\/comments?post=141"}],"version-history":[{"count":3,"href":"https:\/\/15peaces.com\/blog\/index.php\/wp-json\/wp\/v2\/pages\/141\/revisions"}],"predecessor-version":[{"id":224,"href":"https:\/\/15peaces.com\/blog\/index.php\/wp-json\/wp\/v2\/pages\/141\/revisions\/224"}],"wp:attachment":[{"href":"https:\/\/15peaces.com\/blog\/index.php\/wp-json\/wp\/v2\/media?parent=141"}],"curies":[{"name":"wp","href":"https:\/\/api.w.org\/{rel}","templated":true}]}}