{"id":189,"date":"2014-05-01T12:29:50","date_gmt":"2014-05-01T10:29:50","guid":{"rendered":"http:\/\/15peaces.com\/blog\/?page_id=189"},"modified":"2017-05-20T18:32:46","modified_gmt":"2017-05-20T16:32:46","slug":"service","status":"publish","type":"page","link":"https:\/\/15peaces.com\/blog\/index.php\/service\/","title":{"rendered":"Service"},"content":{"rendered":"<p><strong><span style=\"color: #ff6600;\"><em>These Services are aviable in germany, only!<\/em><\/span><\/strong><\/p>\n<p>Hier findet ihr eine Auflistung meiner Services f\u00fcr euch. Bitte beachtet, dass manche der Preise nicht dem tats\u00e4chlichen Endpreis entsprechen m\u00fcssen. Sie dienen nur der Orientierung!<\/p>\n<p><strong>Ragnarok Online Services:<\/strong><\/p>\n<ul>\n<li>Server Development \u2013 3ceam \/ 15-3athena \/ eathena aufsetzen<br \/>\n<em>inklusive zus\u00e4tzlicher NPCs und Customs in Ma\u00dfen.<\/em><br \/>\nPreis: <span style=\"color: #ff9900;\">50,00\u20ac<\/span> (pauschal)<\/li>\n<li>Full Server Setup<br \/>\n<em>inklusive SmallClient (exe, grf, dinput.dll,&#8230;), Patcher, ein einfacher NPC nach Wahl, MySQL inbegriffen<\/em><br \/>\nPreis: <span style=\"color: #ff9900;\">30,00\u20ac<\/span> (pauschal)<\/li>\n<li>Server aufsetzen \u2013 3ceam \/ 15-3athena \/ eathena<br \/>\n<em>nur aufsetzen.<\/em><br \/>\nPreis: <span style=\"color: #ff9900;\">15,00\u20ac<\/span> (pauschal)<\/li>\n<li>Server updaten \u2013 3ceam \/ 15-3athena \/ eathena<br \/>\nPreis: <span style=\"color: #ff9900;\">15,00\u20ac<\/span> (pauschal, bis 8 Stunden Arbeitszeit)<\/li>\n<li>Source Mods \u2013 3ceam \/ 15-3athena \/ eathena<br \/>\n<em>einfache Source-Mods.<\/em><br \/>\nPreis: <span style=\"color: #ff9900;\">10,00\u20ac<\/span> (pauschal, bis 4 Stunden Arbeitszeit)<\/li>\n<li>NPCs erstellen \/ Scripting \u2013 3ceam \/ 15-3athena \/ eathena<br \/>\nPreis: <span style=\"color: #ff9900;\">10,00\u20ac<\/span> (pauschal, einfache NPCs)<br \/>\nPreis: <span style=\"color: #ff9900;\">15,00\u20ac<\/span> (pauschal, SQL- NPCs)<\/li>\n<li>Patcher + exe<br \/>\n<em>Patcher + 1 exe diffen<\/em><br \/>\nPreis: <span style=\"color: #ff9900;\">15,00\u20ac<\/span> (pauschal)<\/li>\n<li>Patcher Design<br \/>\n<em>Patcher Design (nur Grafiken)<\/em><br \/>\nPreis: <span style=\"color: #ff9900;\">25,00\u20ac<\/span> (pauschal)<\/li>\n<li>Login Screen \/ Loading Screen<br \/>\n<em>Converted<\/em><br \/>\nPreis: <span style=\"color: #ff9900;\">20,00\u20ac<\/span> (pro St\u00fcck)<\/li>\n<li>Banner (Plain)<br \/>\nPreis: <span style=\"color: #ff9900;\">25,00\u20ac<\/span> (pro St\u00fcck)<\/li>\n<\/ul>\n<p>&nbsp;<\/p>\n<p><strong>Website Services:<\/strong><\/p>\n<ul>\n<li>Website (html\/css\/php\/sql)<br \/>\nPreis mindestens: <span style=\"color: #ff9900;\">120,00\u20ac <\/span>(je nach Komplexit\u00e4t)<\/li>\n<li>Logo<br \/>\nPreis: <span style=\"color: #ff9900;\">15,00\u20ac<\/span> (pauschal)<\/li>\n<\/ul>\n<p>&nbsp;<\/p>\n<p><em>Bei Interesse kontaktiert mich \u00fcber mein <a title=\"Contact\" href=\"http:\/\/15peaces.com\/contact.php\" target=\"_blank\" rel=\"noopener noreferrer\">Kontakt-Formular<\/a>.<\/em><\/p>\n","protected":false},"excerpt":{"rendered":"<p>These Services are aviable in germany, only! Hier findet ihr eine Auflistung meiner Services f\u00fcr euch. Bitte beachtet, dass manche der Preise nicht dem tats\u00e4chlichen Endpreis entsprechen m\u00fcssen. Sie dienen nur der Orientierung! Ragnarok Online Services: Server Development \u2013 3ceam \/ 15-3athena \/ eathena aufsetzen inklusive zus\u00e4tzlicher NPCs und Customs in Ma\u00dfen. Preis: 50,00\u20ac (pauschal) [&hellip;]<\/p>\n","protected":false},"author":1,"featured_media":0,"parent":0,"menu_order":0,"comment_status":"open","ping_status":"open","template":"","meta":{"footnotes":""},"class_list":["post-189","page","type-page","status-publish","hentry"],"_links":{"self":[{"href":"https:\/\/15peaces.com\/blog\/index.php\/wp-json\/wp\/v2\/pages\/189","targetHints":{"allow":["GET"]}}],"collection":[{"href":"https:\/\/15peaces.com\/blog\/index.php\/wp-json\/wp\/v2\/pages"}],"about":[{"href":"https:\/\/15peaces.com\/blog\/index.php\/wp-json\/wp\/v2\/types\/page"}],"author":[{"embeddable":true,"href":"https:\/\/15peaces.com\/blog\/index.php\/wp-json\/wp\/v2\/users\/1"}],"replies":[{"embeddable":true,"href":"https:\/\/15peaces.com\/blog\/index.php\/wp-json\/wp\/v2\/comments?post=189"}],"version-history":[{"count":6,"href":"https:\/\/15peaces.com\/blog\/index.php\/wp-json\/wp\/v2\/pages\/189\/revisions"}],"predecessor-version":[{"id":450,"href":"https:\/\/15peaces.com\/blog\/index.php\/wp-json\/wp\/v2\/pages\/189\/revisions\/450"}],"wp:attachment":[{"href":"https:\/\/15peaces.com\/blog\/index.php\/wp-json\/wp\/v2\/media?parent=189"}],"curies":[{"name":"wp","href":"https:\/\/api.w.org\/{rel}","templated":true}]}}